{"id":1022,"date":"2015-12-09T06:04:26","date_gmt":"2015-12-09T11:04:26","guid":{"rendered":"http:\/\/livingwater.no\/no\/?page_id=1022"},"modified":"2024-03-12T20:56:07","modified_gmt":"2024-03-12T19:56:07","slug":"kontakt-oss","status":"publish","type":"page","link":"https:\/\/livingwater.no\/no\/kontakt-oss\/","title":{"rendered":"Kontakt oss"},"content":{"rendered":"<style>.kb-row-layout-wrap.wp-block-kadence-rowlayout.kb-row-layout-id1022_bae247-76{margin-bottom:0px;}.kb-row-layout-id1022_bae247-76 > .kt-row-column-wrap{align-content:center;}:where(.kb-row-layout-id1022_bae247-76 > .kt-row-column-wrap) > .wp-block-kadence-column{justify-content:center;}.kb-row-layout-id1022_bae247-76 > .kt-row-column-wrap{column-gap:var(--global-kb-gap-md, 2rem);row-gap:var(--global-kb-gap-md, 2rem);max-width:2000px;margin-left:auto;margin-right:auto;padding-top:198px;padding-bottom:200px;min-height:560px;grid-template-columns:minmax(0, 1fr);}.kb-row-layout-id1022_bae247-76{background-image:url('https:\/\/livingwater.no\/wp-content\/uploads\/2023\/03\/contact2.jpg');background-size:cover;background-position:54% 44%;background-attachment:scroll;background-repeat:no-repeat;}.kb-row-layout-id1022_bae247-76 > .kt-row-layout-overlay{opacity:0.00;background:linear-gradient(14deg, #e27324 20%, #00B5E2 74%);mix-blend-mode:color;}@media all and (max-width: 1024px){.kb-row-layout-id1022_bae247-76 > .kt-row-column-wrap{grid-template-columns:minmax(0, 1fr);}}@media all and (max-width: 767px){.kb-row-layout-id1022_bae247-76 > .kt-row-column-wrap{grid-template-columns:minmax(0, 1fr);}}<\/style><div class=\"kb-row-layout-wrap kb-row-layout-id1022_bae247-76 alignnone kt-row-has-bg wp-block-kadence-rowlayout\"><div class=\"kt-row-layout-overlay kt-row-overlay-gradient\"><\/div><div class=\"kt-row-column-wrap kt-has-1-columns kt-row-layout-equal kt-tab-layout-inherit kt-mobile-layout-row kt-row-valign-middle\">\n<style>.kadence-column1022_0786e7-25 > .kt-inside-inner-col,.kadence-column1022_0786e7-25 > .kt-inside-inner-col:before{border-top-left-radius:0px;border-top-right-radius:0px;border-bottom-right-radius:0px;border-bottom-left-radius:0px;}.kadence-column1022_0786e7-25 > .kt-inside-inner-col{column-gap:var(--global-kb-gap-sm, 1rem);}.kadence-column1022_0786e7-25 > .kt-inside-inner-col{flex-direction:column;}.kadence-column1022_0786e7-25 > .kt-inside-inner-col > .aligncenter{width:100%;}.kadence-column1022_0786e7-25 > .kt-inside-inner-col:before{opacity:0.3;}.kadence-column1022_0786e7-25{position:relative;}@media all and (max-width: 1024px){.kadence-column1022_0786e7-25 > .kt-inside-inner-col{flex-direction:column;justify-content:center;}}@media all and (max-width: 767px){.kadence-column1022_0786e7-25 > .kt-inside-inner-col{flex-direction:column;justify-content:center;}}<\/style>\n<div class=\"wp-block-kadence-column kadence-column1022_0786e7-25 inner-column-1\"><div class=\"kt-inside-inner-col\">\n<p><\/p>\n\n\n<style>.wp-block-kadence-advancedheading.kt-adv-heading1022_537791-5e, .wp-block-kadence-advancedheading.kt-adv-heading1022_537791-5e[data-kb-block=\"kb-adv-heading1022_537791-5e\"]{margin-bottom:10px;text-align:center;font-size:60px;line-height:70px;font-weight:400;font-style:normal;font-family:Aboreto;color:#fff;text-shadow:3px 3px 4px var(--global-palette4, #2D3748);border-top-left-radius:100px;border-bottom-right-radius:50px;}.wp-block-kadence-advancedheading.kt-adv-heading1022_537791-5e mark.kt-highlight, .wp-block-kadence-advancedheading.kt-adv-heading1022_537791-5e[data-kb-block=\"kb-adv-heading1022_537791-5e\"] mark.kt-highlight{font-style:normal;color:#f76a0c;-webkit-box-decoration-break:clone;box-decoration-break:clone;padding-top:0px;padding-right:0px;padding-bottom:0px;padding-left:0px;}.wp-block-kadence-advancedheading.kt-adv-heading1022_537791-5e img.kb-inline-image, .wp-block-kadence-advancedheading.kt-adv-heading1022_537791-5e[data-kb-block=\"kb-adv-heading1022_537791-5e\"] img.kb-inline-image{width:150px;vertical-align:baseline;}@media all and (max-width: 1024px){.wp-block-kadence-advancedheading.kt-adv-heading1022_537791-5e, .wp-block-kadence-advancedheading.kt-adv-heading1022_537791-5e[data-kb-block=\"kb-adv-heading1022_537791-5e\"]{text-shadow:3px 3px 4px var(--global-palette4, #2D3748);}}@media all and (max-width: 767px){.wp-block-kadence-advancedheading.kt-adv-heading1022_537791-5e, .wp-block-kadence-advancedheading.kt-adv-heading1022_537791-5e[data-kb-block=\"kb-adv-heading1022_537791-5e\"]{text-shadow:3px 3px 4px var(--global-palette4, #2D3748);font-size:var(--global-kb-font-size-xl, 3rem);}}<\/style>\n<h1 class=\"kt-adv-heading1022_537791-5e wp-block-kadence-advancedheading\" data-kb-block=\"kb-adv-heading1022_537791-5e\">vi h\u00f8rer gjerne fra deg!<\/h1>\n\n\n\n<p class=\"has-text-align-center has-white-color has-text-color\" style=\"font-size:27px\"><\/p>\n<\/div><\/div>\n\n<\/div><\/div>\n\n<style>.kb-row-layout-id1022_544d08-52 > .kt-row-column-wrap{align-content:start;}:where(.kb-row-layout-id1022_544d08-52 > .kt-row-column-wrap) > .wp-block-kadence-column{justify-content:start;}.kb-row-layout-id1022_544d08-52 > .kt-row-column-wrap{column-gap:50px;row-gap:var(--global-kb-gap-md, 2rem);max-width:var( --global-content-width, 1290px );padding-left:var(--global-content-edge-padding);padding-right:var(--global-content-edge-padding);padding-top:80px;padding-bottom:60px;grid-template-columns:minmax(0, 1fr) minmax(0, 2fr);}.kb-row-layout-id1022_544d08-52 > .kt-row-layout-overlay{opacity:0.30;}@media all and (max-width: 1024px){.kb-row-layout-id1022_544d08-52 > .kt-row-column-wrap{grid-template-columns:repeat(2, minmax(0, 1fr));}}@media all and (max-width: 767px){.kb-row-layout-id1022_544d08-52 > .kt-row-column-wrap{grid-template-columns:minmax(0, 1fr);}}<\/style><div class=\"kb-row-layout-wrap kb-row-layout-id1022_544d08-52 alignnone wp-block-kadence-rowlayout\"><div class=\"kt-row-column-wrap kt-has-2-columns kt-row-layout-right-golden kt-tab-layout-equal kt-mobile-layout-row kt-row-valign-top kb-theme-content-width\">\n<style>.kadence-column1022_2e4f86-3a > .kt-inside-inner-col{display:flex;}.kadence-column1022_2e4f86-3a > .kt-inside-inner-col,.kadence-column1022_2e4f86-3a > .kt-inside-inner-col:before{border-top-left-radius:0px;border-top-right-radius:0px;border-bottom-right-radius:0px;border-bottom-left-radius:0px;}.kadence-column1022_2e4f86-3a > .kt-inside-inner-col{column-gap:var(--global-kb-gap-sm, 1rem);}.kadence-column1022_2e4f86-3a > .kt-inside-inner-col{flex-direction:column;justify-content:flex-start;}.kadence-column1022_2e4f86-3a > .kt-inside-inner-col > .aligncenter{width:100%;}.kt-row-column-wrap > .kadence-column1022_2e4f86-3a{align-self:flex-start;}.kt-inner-column-height-full:not(.kt-has-1-columns) > .wp-block-kadence-column.kadence-column1022_2e4f86-3a{align-self:auto;}.kt-inner-column-height-full:not(.kt-has-1-columns) > .wp-block-kadence-column.kadence-column1022_2e4f86-3a > .kt-inside-inner-col{flex-direction:column;justify-content:flex-start;}.kadence-column1022_2e4f86-3a > .kt-inside-inner-col:before{opacity:0.3;}.kadence-column1022_2e4f86-3a{position:relative;}@media all and (max-width: 1024px){.kt-row-column-wrap > .kadence-column1022_2e4f86-3a{align-self:flex-start;}}@media all and (max-width: 1024px){.kt-inner-column-height-full:not(.kt-has-1-columns) > .wp-block-kadence-column.kadence-column1022_2e4f86-3a{align-self:auto;}}@media all and (max-width: 1024px){.kt-inner-column-height-full:not(.kt-has-1-columns) > .wp-block-kadence-column.kadence-column1022_2e4f86-3a > .kt-inside-inner-col{flex-direction:column;justify-content:flex-start;}}@media all and (max-width: 1024px){.kadence-column1022_2e4f86-3a > .kt-inside-inner-col{flex-direction:column;justify-content:flex-start;}}@media all and (max-width: 767px){.kt-row-column-wrap > .kadence-column1022_2e4f86-3a{align-self:flex-start;}.kt-inner-column-height-full:not(.kt-has-1-columns) > .wp-block-kadence-column.kadence-column1022_2e4f86-3a{align-self:auto;}.kt-inner-column-height-full:not(.kt-has-1-columns) > .wp-block-kadence-column.kadence-column1022_2e4f86-3a > .kt-inside-inner-col{flex-direction:column;justify-content:flex-start;}.kadence-column1022_2e4f86-3a > .kt-inside-inner-col{flex-direction:column;justify-content:flex-start;}}<\/style>\n<div class=\"wp-block-kadence-column kadence-column1022_2e4f86-3a inner-column-2\"><div class=\"kt-inside-inner-col\"><style>.wp-block-kadence-advancedheading.kt-adv-heading1022_ec5a0d-07, .wp-block-kadence-advancedheading.kt-adv-heading1022_ec5a0d-07[data-kb-block=\"kb-adv-heading1022_ec5a0d-07\"]{margin-bottom:30px;text-align:left;font-size:38px;line-height:1.3em;font-style:normal;}.wp-block-kadence-advancedheading.kt-adv-heading1022_ec5a0d-07 mark.kt-highlight, .wp-block-kadence-advancedheading.kt-adv-heading1022_ec5a0d-07[data-kb-block=\"kb-adv-heading1022_ec5a0d-07\"] mark.kt-highlight{font-style:normal;color:#f76a0c;-webkit-box-decoration-break:clone;box-decoration-break:clone;padding-top:0px;padding-right:0px;padding-bottom:0px;padding-left:0px;}.wp-block-kadence-advancedheading.kt-adv-heading1022_ec5a0d-07 img.kb-inline-image, .wp-block-kadence-advancedheading.kt-adv-heading1022_ec5a0d-07[data-kb-block=\"kb-adv-heading1022_ec5a0d-07\"] img.kb-inline-image{width:150px;vertical-align:baseline;}@media all and (max-width: 767px){.wp-block-kadence-advancedheading.kt-adv-heading1022_ec5a0d-07, .wp-block-kadence-advancedheading.kt-adv-heading1022_ec5a0d-07[data-kb-block=\"kb-adv-heading1022_ec5a0d-07\"]{font-size:30px;}}<\/style>\n<h2 class=\"kt-adv-heading1022_ec5a0d-07 wp-block-kadence-advancedheading\" data-kb-block=\"kb-adv-heading1022_ec5a0d-07\">Kontakt oss \ud83d\ude42<\/h2>\n\n\n\n<p style=\"font-size:18px\">Det er v\u00e5r b\u00f8nn at du vil ble velsignet, styrket og inspirert idet du utforsker web-siden v\u00e5r. Hvis du har sp\u00f8rsm\u00e5l eller kommentarer h\u00f8rer vi gjerne fra deg!<\/p>\n<\/div><\/div>\n\n\n<style>.kadence-column1022_949e76-ce > .kt-inside-inner-col{display:flex;}.kadence-column1022_949e76-ce > .kt-inside-inner-col{padding-top:40px;padding-right:40px;padding-bottom:40px;padding-left:40px;}.kadence-column1022_949e76-ce > .kt-inside-inner-col,.kadence-column1022_949e76-ce > .kt-inside-inner-col:before{border-top-left-radius:0px;border-top-right-radius:0px;border-bottom-right-radius:0px;border-bottom-left-radius:0px;}.kadence-column1022_949e76-ce > .kt-inside-inner-col{column-gap:var(--global-kb-gap-sm, 1rem);}.kadence-column1022_949e76-ce > .kt-inside-inner-col{flex-direction:column;justify-content:flex-start;}.kadence-column1022_949e76-ce > .kt-inside-inner-col > .aligncenter{width:100%;}.kt-row-column-wrap > .kadence-column1022_949e76-ce{align-self:flex-start;}.kt-inner-column-height-full:not(.kt-has-1-columns) > .wp-block-kadence-column.kadence-column1022_949e76-ce{align-self:auto;}.kt-inner-column-height-full:not(.kt-has-1-columns) > .wp-block-kadence-column.kadence-column1022_949e76-ce > .kt-inside-inner-col{flex-direction:column;justify-content:flex-start;}.kadence-column1022_949e76-ce > .kt-inside-inner-col{background-color:#f4f4f5;}.kadence-column1022_949e76-ce > .kt-inside-inner-col:before{opacity:0.3;}.kadence-column1022_949e76-ce{position:relative;}@media all and (max-width: 1024px){.kt-row-column-wrap > .kadence-column1022_949e76-ce{align-self:flex-start;}}@media all and (max-width: 1024px){.kt-inner-column-height-full:not(.kt-has-1-columns) > .wp-block-kadence-column.kadence-column1022_949e76-ce{align-self:auto;}}@media all and (max-width: 1024px){.kt-inner-column-height-full:not(.kt-has-1-columns) > .wp-block-kadence-column.kadence-column1022_949e76-ce > .kt-inside-inner-col{flex-direction:column;justify-content:flex-start;}}@media all and (max-width: 1024px){.kadence-column1022_949e76-ce > .kt-inside-inner-col{flex-direction:column;justify-content:flex-start;}}@media all and (max-width: 767px){.kt-row-column-wrap > .kadence-column1022_949e76-ce{align-self:flex-start;}.kt-inner-column-height-full:not(.kt-has-1-columns) > .wp-block-kadence-column.kadence-column1022_949e76-ce{align-self:auto;}.kt-inner-column-height-full:not(.kt-has-1-columns) > .wp-block-kadence-column.kadence-column1022_949e76-ce > .kt-inside-inner-col{flex-direction:column;justify-content:flex-start;}.kadence-column1022_949e76-ce > .kt-inside-inner-col{flex-direction:column;justify-content:flex-start;}}<\/style>\n<div class=\"wp-block-kadence-column kadence-column1022_949e76-ce kb-section-dir-vertical kb-section-md-dir-vertical kadence-column_ebb7f6-1f\"><div class=\"kt-inside-inner-col\"><style>.kadence-form-1022_77e8bd-a2 .kb-form .kadence-blocks-form-field .kb-text-style-field, .kadence-form-1022_77e8bd-a2 .kb-form .kadence-blocks-form-field .kb-select-style-field{color:var(--global-palette5, #4A5568);font-size:16px;line-height:22px;background:var(--global-palette9, #ffffff);border-color:rgba(113, 128, 150, 0.1);}.kadence-form-1022_77e8bd-a2 .kb-form .kadence-blocks-form-field .kb-text-style-field:focus, .kadence-form-1022_77e8bd-a2 .kb-form .kadence-blocks-form-field .kb-select-style-field:focus{color:var(--global-palette4, #2D3748);border-color:var(--global-palette5, #4A5568);background:var(--global-palette9, #ffffff);}.kadence-form-1022_77e8bd-a2 .kb-form .kadence-blocks-form-field .kb-forms-submit{color:#ffffff;border-radius:5px;background:var(--global-palette1, #3182CE);}.kadence-form-1022_77e8bd-a2 .kb-form .kadence-blocks-form-field .kb-forms-submit:hover, .kadence-form-1022_77e8bd-a2 .kb-form .kadence-blocks-form-field .kb-forms-submit:focus {color:#1a202c;background:var(--global-palette2, #2B6CB0);}.kb-form input.kadence-blocks-field.verify{opacity:0.0;position:absolute;top:0.0;left:0.0;width:0.0;height:0.0;z-index:-1;}<\/style>\n<div class=\"wp-block-kadence-form kadence-form-1022_77e8bd-a2 kb-form-wrap\"><form class=\"kb-form\" action=\"\" method=\"post\"><div class=\"kadence-blocks-form-field kb-field-desk-width-100 kb-input-size-standard\"><input name=\"kb_field_0\" id=\"kb_field_1022_77e8bd-a2_0\" data-label=\"Navn\" type=\"text\" placeholder=\"Navn\" value=\"\" data-type=\"text\" class=\"kb-field kb-text-style-field kb-text-field kb-field-0\"\/><\/div><div class=\"kadence-blocks-form-field kb-form-field-1 kb-field-desk-width-100 kb-input-size-standard\"><input name=\"kb_field_1\" id=\"kb_field_1022_77e8bd-a2_1\" data-label=\"Email\" type=\"email\" placeholder=\"E-post\" value=\"\" data-type=\"email\" class=\"kb-field kb-text-style-field kb-email-field kb-field-1\" data-required=\"yes\"\/><\/div><div class=\"kadence-blocks-form-field kb-form-field-2 kb-field-desk-width-100 kb-input-size-standard\"><textarea name=\"kb_field_2\" id=\"kb_field_1022_77e8bd-a2_2\" data-label=\"Message...\" type=\"textarea\" placeholder=\"Melding...\" data-type=\"textarea\" class=\"kb-field kb-text-style-field kb-textarea-field kb-field-2\" rows=\"4\" data-required=\"yes\"><\/textarea><\/div><input type=\"hidden\" name=\"_kb_form_id\" value=\"1022_77e8bd-a2\"\/><input type=\"hidden\" name=\"_kb_form_post_id\" value=\"1022\"\/><input type=\"hidden\" name=\"action\" value=\"kb_process_ajax_submit\"\/><label class=\"kadence-verify-label\">Email<input class=\"kadence-blocks-field verify\" type=\"text\" name=\"_kb_verify_email\" autocomplete=\"new-password\" aria-hidden=\"true\" placeholder=\"Email\" tabindex=\"-1\" data-1p-ignore=\"true\" data-lpignore=\"true\" \/><\/label><div class=\"kadence-blocks-form-field kb-submit-field kb-field-desk-width-100\"><button class=\"kb-forms-submit button kb-button-size-standard kb-button-width-auto\">Send<\/button><\/div><\/form><\/div>\n<noscript><div class=\"kadence-blocks-form-message kadence-blocks-form-warning\">Please enable JavaScript in your browser to submit the form<\/div><style>.kadence-form-1022_77e8bd-a2 .kadence-blocks-form-field.kb-submit-field { display: none; }<\/style><\/noscript><\/div><\/div>\n\n<\/div><\/div>\n\n<style>.kb-row-layout-id1022_1e4408-4c > .kt-row-column-wrap{align-content:start;}:where(.kb-row-layout-id1022_1e4408-4c > .kt-row-column-wrap) > .wp-block-kadence-column{justify-content:start;}.kb-row-layout-id1022_1e4408-4c > .kt-row-column-wrap{column-gap:var(--global-kb-gap-md, 2rem);row-gap:var(--global-kb-gap-md, 2rem);max-width:var( --global-content-width, 1290px );padding-left:var(--global-content-edge-padding);padding-right:var(--global-content-edge-padding);padding-top:0px;padding-bottom:var(--global-kb-spacing-xxl, 5rem);grid-template-columns:minmax(0, 1fr);}.kb-row-layout-id1022_1e4408-4c > .kt-row-layout-overlay{opacity:0.30;}@media all and (max-width: 1024px){.kb-row-layout-id1022_1e4408-4c > .kt-row-column-wrap{grid-template-columns:minmax(0, 1fr);}}@media all and (max-width: 767px){.kb-row-layout-id1022_1e4408-4c > .kt-row-column-wrap{grid-template-columns:minmax(0, 1fr);}}<\/style><div class=\"kb-row-layout-wrap kb-row-layout-id1022_1e4408-4c alignnone wp-block-kadence-rowlayout\"><div class=\"kt-row-column-wrap kt-has-1-columns kt-row-layout-equal kt-tab-layout-inherit kt-mobile-layout-row kt-row-valign-top kb-theme-content-width\">\n<style>.kadence-column1022_c41881-34 > .kt-inside-inner-col,.kadence-column1022_c41881-34 > .kt-inside-inner-col:before{border-top-left-radius:0px;border-top-right-radius:0px;border-bottom-right-radius:0px;border-bottom-left-radius:0px;}.kadence-column1022_c41881-34 > .kt-inside-inner-col{column-gap:var(--global-kb-gap-sm, 1rem);}.kadence-column1022_c41881-34 > .kt-inside-inner-col{flex-direction:column;}.kadence-column1022_c41881-34 > .kt-inside-inner-col > .aligncenter{width:100%;}.kadence-column1022_c41881-34 > .kt-inside-inner-col:before{opacity:0.3;}.kadence-column1022_c41881-34{position:relative;}@media all and (max-width: 1024px){.kadence-column1022_c41881-34 > .kt-inside-inner-col{flex-direction:column;justify-content:center;}}@media all and (max-width: 767px){.kadence-column1022_c41881-34 > .kt-inside-inner-col{flex-direction:column;justify-content:center;}}<\/style>\n<div class=\"wp-block-kadence-column kadence-column1022_c41881-34\"><div class=\"kt-inside-inner-col\">\n<p style=\"font-size:18px\">Hvis du \u00f8nsker \u00e5 invitere Daniel Pel til \u00e5 tale, kan du fylle inn taleforesp\u00f8rsel-skjemaet:<\/p>\n\n\n\n<div class=\"wp-block-buttons is-layout-flex wp-block-buttons-is-layout-flex\">\n<div class=\"wp-block-button\"><a class=\"wp-block-button__link wp-element-button\" href=\"taleforesporsel\">Taleforesp\u00f8rsel-skjema<\/a><\/div>\n<\/div>\n<\/div><\/div>\n\n<\/div><\/div>","protected":false},"excerpt":{"rendered":"<p>vi h\u00f8rer gjerne fra deg! Kontakt oss \ud83d\ude42 Det er v\u00e5r b\u00f8nn at du vil ble velsignet, styrket og inspirert idet du utforsker web-siden v\u00e5r. Hvis du har sp\u00f8rsm\u00e5l eller&#8230;<\/p>\n","protected":false},"author":1,"featured_media":517,"parent":0,"menu_order":23,"comment_status":"closed","ping_status":"closed","template":"","meta":{"_kad_blocks_custom_css":"","_kad_blocks_head_custom_js":"","_kad_blocks_body_custom_js":"","_kad_blocks_footer_custom_js":"","_monsterinsights_skip_tracking":false,"_monsterinsights_sitenote_active":false,"_monsterinsights_sitenote_note":"","_monsterinsights_sitenote_category":0,"_kadence_starter_templates_imported_post":false,"_kad_post_transparent":"","_kad_post_title":"","_kad_post_layout":"","_kad_post_sidebar_id":"","_kad_post_content_style":"","_kad_post_vertical_padding":"","_kad_post_feature":"","_kad_post_feature_position":"","_kad_post_header":false,"_kad_post_footer":false,"_kad_post_classname":"","footnotes":""},"class_list":["post-1022","page","type-page","status-publish","has-post-thumbnail","hentry"],"aioseo_notices":[],"taxonomy_info":[],"featured_image_src_large":["https:\/\/livingwater.no\/wp-content\/uploads\/2015\/09\/header_contact.jpg",960,250,false],"author_info":{"display_name":"Living Water","author_link":"https:\/\/livingwater.no\/no\/author\/living-water\/"},"comment_info":0,"_links":{"self":[{"href":"https:\/\/livingwater.no\/no\/wp-json\/wp\/v2\/pages\/1022","targetHints":{"allow":["GET"]}}],"collection":[{"href":"https:\/\/livingwater.no\/no\/wp-json\/wp\/v2\/pages"}],"about":[{"href":"https:\/\/livingwater.no\/no\/wp-json\/wp\/v2\/types\/page"}],"author":[{"embeddable":true,"href":"https:\/\/livingwater.no\/no\/wp-json\/wp\/v2\/users\/1"}],"replies":[{"embeddable":true,"href":"https:\/\/livingwater.no\/no\/wp-json\/wp\/v2\/comments?post=1022"}],"version-history":[{"count":20,"href":"https:\/\/livingwater.no\/no\/wp-json\/wp\/v2\/pages\/1022\/revisions"}],"predecessor-version":[{"id":6411,"href":"https:\/\/livingwater.no\/no\/wp-json\/wp\/v2\/pages\/1022\/revisions\/6411"}],"wp:featuredmedia":[{"embeddable":true,"href":"https:\/\/livingwater.no\/no\/wp-json\/wp\/v2\/media\/517"}],"wp:attachment":[{"href":"https:\/\/livingwater.no\/no\/wp-json\/wp\/v2\/media?parent=1022"}],"curies":[{"name":"wp","href":"https:\/\/api.w.org\/{rel}","templated":true}]}}