{"id":1024,"date":"2015-12-09T06:09:12","date_gmt":"2015-12-09T11:09:12","guid":{"rendered":"http:\/\/livingwater.no\/no\/?page_id=1024"},"modified":"2026-03-01T21:21:45","modified_gmt":"2026-03-01T20:21:45","slug":"hvem-er-vi","status":"publish","type":"page","link":"https:\/\/livingwater.no\/no\/hvem-er-vi\/","title":{"rendered":"Hvem er vi?"},"content":{"rendered":"<style>.kb-row-layout-wrap.wp-block-kadence-rowlayout.kb-row-layout-id1024_f0f055-b8{margin-bottom:0px;}.kb-row-layout-id1024_f0f055-b8 > .kt-row-column-wrap{align-content:center;}:where(.kb-row-layout-id1024_f0f055-b8 > .kt-row-column-wrap) > .wp-block-kadence-column{justify-content:center;}.kb-row-layout-id1024_f0f055-b8 > .kt-row-column-wrap{column-gap:var(--global-kb-gap-md, 2rem);row-gap:var(--global-kb-gap-md, 2rem);max-width:2000px;margin-left:auto;margin-right:auto;padding-top:198px;padding-bottom:200px;min-height:560px;grid-template-columns:minmax(0, 1fr);}.kb-row-layout-id1024_f0f055-b8{background-image:url('https:\/\/livingwater.no\/wp-content\/uploads\/2023\/03\/about2.jpg');background-size:cover;background-position:54% 35%;background-attachment:scroll;background-repeat:no-repeat;}.kb-row-layout-id1024_f0f055-b8 > .kt-row-layout-overlay{opacity:0.00;background:linear-gradient(14deg, #e27324 20%, #00B5E2 74%);mix-blend-mode:color;}@media all and (max-width: 1024px){.kb-row-layout-id1024_f0f055-b8 > .kt-row-column-wrap{grid-template-columns:minmax(0, 1fr);}}@media all and (max-width: 767px){.kb-row-layout-id1024_f0f055-b8 > .kt-row-column-wrap{grid-template-columns:minmax(0, 1fr);}}<\/style><div class=\"kb-row-layout-wrap kb-row-layout-id1024_f0f055-b8 alignnone kt-row-has-bg wp-block-kadence-rowlayout\"><div class=\"kt-row-layout-overlay kt-row-overlay-gradient\"><\/div><div class=\"kt-row-column-wrap kt-has-1-columns kt-row-layout-equal kt-tab-layout-inherit kt-mobile-layout-row kt-row-valign-middle\">\n<style>.kadence-column1024_9b5ff5-ea > .kt-inside-inner-col,.kadence-column1024_9b5ff5-ea > .kt-inside-inner-col:before{border-top-left-radius:0px;border-top-right-radius:0px;border-bottom-right-radius:0px;border-bottom-left-radius:0px;}.kadence-column1024_9b5ff5-ea > .kt-inside-inner-col{column-gap:var(--global-kb-gap-sm, 1rem);}.kadence-column1024_9b5ff5-ea > .kt-inside-inner-col{flex-direction:column;}.kadence-column1024_9b5ff5-ea > .kt-inside-inner-col > .aligncenter{width:100%;}.kadence-column1024_9b5ff5-ea > .kt-inside-inner-col:before{opacity:0.3;}.kadence-column1024_9b5ff5-ea{position:relative;}@media all and (max-width: 1024px){.kadence-column1024_9b5ff5-ea > .kt-inside-inner-col{flex-direction:column;justify-content:center;}}@media all and (max-width: 767px){.kadence-column1024_9b5ff5-ea > .kt-inside-inner-col{flex-direction:column;justify-content:center;}}<\/style>\n<div class=\"wp-block-kadence-column kadence-column1024_9b5ff5-ea inner-column-1\"><div class=\"kt-inside-inner-col\">\n<p class=\"has-text-align-center has-white-color has-text-color\" style=\"font-size:27px\"><\/p>\n<\/div><\/div>\n\n<\/div><\/div>\n\n<style>.kb-row-layout-id1024_1d38fa-c8 > .kt-row-column-wrap{align-content:center;}:where(.kb-row-layout-id1024_1d38fa-c8 > .kt-row-column-wrap) > .wp-block-kadence-column{justify-content:center;}.kb-row-layout-id1024_1d38fa-c8 > .kt-row-column-wrap{column-gap:var(--global-kb-gap-lg, 4rem);row-gap:var(--global-kb-gap-md, 2rem);max-width:var( --global-content-width, 1290px );padding-left:var(--global-content-edge-padding);padding-right:var(--global-content-edge-padding);padding-top:60px;padding-bottom:60px;grid-template-columns:repeat(2, minmax(0, 1fr));}.kb-row-layout-id1024_1d38fa-c8 > .kt-row-layout-overlay{opacity:0.30;}@media all and (max-width: 1024px){.kb-row-layout-id1024_1d38fa-c8 > .kt-row-column-wrap{grid-template-columns:repeat(2, minmax(0, 1fr));}}@media all and (max-width: 767px){.kb-row-layout-id1024_1d38fa-c8 > .kt-row-column-wrap{grid-template-columns:minmax(0, 1fr);}}<\/style><div class=\"kb-row-layout-wrap kb-row-layout-id1024_1d38fa-c8 alignnone wp-block-kadence-rowlayout\"><div class=\"kt-row-column-wrap kt-has-2-columns kt-row-layout-equal kt-tab-layout-inherit kt-mobile-layout-row kt-row-valign-middle kb-theme-content-width\">\n<style>.kadence-column1024_83f6cf-ee > .kt-inside-inner-col,.kadence-column1024_83f6cf-ee > .kt-inside-inner-col:before{border-top-left-radius:0px;border-top-right-radius:0px;border-bottom-right-radius:0px;border-bottom-left-radius:0px;}.kadence-column1024_83f6cf-ee > .kt-inside-inner-col{column-gap:var(--global-kb-gap-sm, 1rem);}.kadence-column1024_83f6cf-ee > .kt-inside-inner-col{flex-direction:column;}.kadence-column1024_83f6cf-ee > .kt-inside-inner-col > .aligncenter{width:100%;}.kadence-column1024_83f6cf-ee > .kt-inside-inner-col:before{opacity:0.3;}.kadence-column1024_83f6cf-ee{position:relative;}@media all and (max-width: 1024px){.kadence-column1024_83f6cf-ee > .kt-inside-inner-col{flex-direction:column;justify-content:center;}}@media all and (max-width: 767px){.kadence-column1024_83f6cf-ee > .kt-inside-inner-col{flex-direction:column;justify-content:center;}}<\/style>\n<div class=\"wp-block-kadence-column kadence-column1024_83f6cf-ee inner-column-1\"><div class=\"kt-inside-inner-col\"><div class=\"wp-block-image\">\n<figure class=\"aligncenter size-large\"><img loading=\"lazy\" decoding=\"async\" width=\"853\" height=\"1024\" src=\"https:\/\/livingwater.no\/wp-content\/uploads\/2023\/03\/ds2-853x1024.jpg\" alt=\"\" class=\"wp-image-4216\" srcset=\"https:\/\/livingwater.no\/wp-content\/uploads\/2023\/03\/ds2-853x1024.jpg 853w, https:\/\/livingwater.no\/wp-content\/uploads\/2023\/03\/ds2-417x500.jpg 417w, https:\/\/livingwater.no\/wp-content\/uploads\/2023\/03\/ds2.jpg 1181w\" sizes=\"auto, (max-width: 853px) 100vw, 853px\" \/><\/figure>\n<\/div><\/div><\/div>\n\n\n<style>.kadence-column1024_c8a25a-38 > .kt-inside-inner-col,.kadence-column1024_c8a25a-38 > .kt-inside-inner-col:before{border-top-left-radius:0px;border-top-right-radius:0px;border-bottom-right-radius:0px;border-bottom-left-radius:0px;}.kadence-column1024_c8a25a-38 > .kt-inside-inner-col{column-gap:var(--global-kb-gap-sm, 1rem);}.kadence-column1024_c8a25a-38 > .kt-inside-inner-col{flex-direction:column;}.kadence-column1024_c8a25a-38 > .kt-inside-inner-col > .aligncenter{width:100%;}.kadence-column1024_c8a25a-38 > .kt-inside-inner-col:before{opacity:0.3;}.kadence-column1024_c8a25a-38{position:relative;}@media all and (max-width: 1024px){.kadence-column1024_c8a25a-38 > .kt-inside-inner-col{flex-direction:column;justify-content:center;}}@media all and (max-width: 767px){.kadence-column1024_c8a25a-38 > .kt-inside-inner-col{flex-direction:column;justify-content:center;}}<\/style>\n<div class=\"wp-block-kadence-column kadence-column1024_c8a25a-38 inner-column-2\"><div class=\"kt-inside-inner-col\"><style>.wp-block-kadence-advancedheading.kt-adv-heading1024_19ae84-50, .wp-block-kadence-advancedheading.kt-adv-heading1024_19ae84-50[data-kb-block=\"kb-adv-heading1024_19ae84-50\"]{margin-top:1px;margin-bottom:1px;text-align:left;font-size:20px;line-height:24px;font-weight:200;font-style:normal;font-family:Montserrat;color:#444;}.wp-block-kadence-advancedheading.kt-adv-heading1024_19ae84-50 mark.kt-highlight, .wp-block-kadence-advancedheading.kt-adv-heading1024_19ae84-50[data-kb-block=\"kb-adv-heading1024_19ae84-50\"] mark.kt-highlight{font-style:normal;color:#f76a0c;-webkit-box-decoration-break:clone;box-decoration-break:clone;padding-top:0px;padding-right:0px;padding-bottom:0px;padding-left:0px;}.wp-block-kadence-advancedheading.kt-adv-heading1024_19ae84-50 img.kb-inline-image, .wp-block-kadence-advancedheading.kt-adv-heading1024_19ae84-50[data-kb-block=\"kb-adv-heading1024_19ae84-50\"] img.kb-inline-image{width:150px;vertical-align:baseline;}<\/style>\n<h5 class=\"kt-adv-heading1024_19ae84-50 wp-block-kadence-advancedheading\" data-kb-block=\"kb-adv-heading1024_19ae84-50\">OM OSS<\/h5>\n\n\n<style>.wp-block-kadence-advancedheading.kt-adv-heading1024_5fb185-ca, .wp-block-kadence-advancedheading.kt-adv-heading1024_5fb185-ca[data-kb-block=\"kb-adv-heading1024_5fb185-ca\"]{margin-top:1px;margin-bottom:15px;text-align:left;font-size:40px;line-height:50px;font-weight:800;font-style:normal;font-family:Montserrat;color:#444;}.wp-block-kadence-advancedheading.kt-adv-heading1024_5fb185-ca mark.kt-highlight, .wp-block-kadence-advancedheading.kt-adv-heading1024_5fb185-ca[data-kb-block=\"kb-adv-heading1024_5fb185-ca\"] mark.kt-highlight{font-style:normal;color:#f76a0c;-webkit-box-decoration-break:clone;box-decoration-break:clone;padding-top:0px;padding-right:0px;padding-bottom:0px;padding-left:0px;}.wp-block-kadence-advancedheading.kt-adv-heading1024_5fb185-ca img.kb-inline-image, .wp-block-kadence-advancedheading.kt-adv-heading1024_5fb185-ca[data-kb-block=\"kb-adv-heading1024_5fb185-ca\"] img.kb-inline-image{width:150px;vertical-align:baseline;}<\/style>\n<h2 class=\"kt-adv-heading1024_5fb185-ca wp-block-kadence-advancedheading\" data-kb-block=\"kb-adv-heading1024_5fb185-ca\">KALT TIL \u00c5 TJENE<\/h2>\n\n\n\n<p>Levende Vann har som form\u00e5l \u00e5 dele de gode nyhetene om frelse og frigj\u00f8ring i Jesus Kristus. Gjennom ressursene vi tilbyr p\u00e5 denne siden \u00f8nsker vi \u00e5 vekke h\u00e5pet og styrke troen.<\/p>\n\n\n\n<p>Daniel Pel formidler Bibelens budskap med overbevisning og begeistring. Hans dynamiske og logiske m\u00e5te \u00e5 fremstille Skriften p\u00e5 har v\u00e6rt til inspirasjon for mennesker verden over. Daniel tjener som pastor og evangelist, og deler evangeliet med entusiasme. Han er gift med Silvia, og de har to s\u00f8nner: Elias og Enoch. Familien bor i Norge og elsker \u00e5 v\u00e6re ute i Guds fantastiske skaperverk.<\/p>\n\n\n\n<p>Silvia Pel vokste opp i Norge og ga hjertet sitt til Jesus i en tidlig alder. Hun har v\u00e6rt aktiv i tjenesten for Gud p\u00e5 forskjellige m\u00e5ter \u2013 gjennom personlige Bibelstudier, kristent barnearbeid, m.m.<\/p>\n\n\n\n<p>Levende Vann ble grunnlagt i 2003, er registrert som en stiftelse i Norge, og har tilknytning til <a href=\"https:\/\/adventist.no\/\">Syvende-dags Adventistkirken<\/a>.<\/p>\n\n\n\n<p>Hvis du \u00f8nsker \u00e5 invitere Daniel til \u00e5 tale, kan du fylle ut skjemaet under. Det vil hjelpe oss til \u00e5 se hvordan vi best kan m\u00f8te behovet i ditt omr\u00e5de. Vi vil vurdere hver foresp\u00f8rsel under b\u00f8nn.<\/p>\n\n\n\n<p><\/p>\n\n\n<style>.wp-block-kadence-advancedbtn.kb-btns1024_6ead76-24{gap:var(--global-kb-gap-xs, 0.5rem );justify-content:center;align-items:center;}.kt-btns1024_6ead76-24 .kt-button{font-weight:normal;font-style:normal;}<\/style>\n<div class=\"wp-block-kadence-advancedbtn kb-buttons-wrap kb-btns1024_6ead76-24\"><style>ul.menu .wp-block-kadence-advancedbtn .kb-btn1024_32abd6-e7.kb-button{width:initial;}.wp-block-kadence-advancedbtn .kb-btn1024_32abd6-e7.kb-button{color:#939393;background:transparent;font-size:16px;border-top-left-radius:0px;border-top-right-radius:0px;border-bottom-right-radius:0px;border-bottom-left-radius:0px;border-top:2px solid #eee;border-right:2px solid #eee;border-bottom:2px solid #eee;border-left:2px solid #eee;}.wp-block-kadence-advancedbtn .kb-btn1024_32abd6-e7.kb-button:hover, .wp-block-kadence-advancedbtn .kb-btn1024_32abd6-e7.kb-button:focus{color:#008c9e;background:#fff;border-top-color:#008c9e;border-top-style:solid;border-right-color:#008c9e;border-right-style:solid;border-bottom-color:#008c9e;border-bottom-style:solid;border-left-color:#008c9e;border-left-style:solid;}@media all and (max-width: 1024px){.wp-block-kadence-advancedbtn .kb-btn1024_32abd6-e7.kb-button{border-top:2px solid #eee;border-right:2px solid #eee;border-bottom:2px solid #eee;border-left:2px solid #eee;}}@media all and (max-width: 1024px){.wp-block-kadence-advancedbtn .kb-btn1024_32abd6-e7.kb-button:hover, .wp-block-kadence-advancedbtn .kb-btn1024_32abd6-e7.kb-button:focus{border-top-color:#008c9e;border-top-style:solid;border-right-color:#008c9e;border-right-style:solid;border-bottom-color:#008c9e;border-bottom-style:solid;border-left-color:#008c9e;border-left-style:solid;}}@media all and (max-width: 767px){.wp-block-kadence-advancedbtn .kb-btn1024_32abd6-e7.kb-button{border-top:2px solid #eee;border-right:2px solid #eee;border-bottom:2px solid #eee;border-left:2px solid #eee;}.wp-block-kadence-advancedbtn .kb-btn1024_32abd6-e7.kb-button:hover, .wp-block-kadence-advancedbtn .kb-btn1024_32abd6-e7.kb-button:focus{border-top-color:#008c9e;border-top-style:solid;border-right-color:#008c9e;border-right-style:solid;border-bottom-color:#008c9e;border-bottom-style:solid;border-left-color:#008c9e;border-left-style:solid;}}<\/style><a class=\"kb-button kt-button button kb-btn1024_32abd6-e7 kt-btn-size-standard kt-btn-width-type-auto kb-btn-global-outline  kt-btn-has-text-true kt-btn-has-svg-false  wp-block-kadence-singlebtn\" href=\"http:\/\/taleforesporsel\"><span class=\"kt-btn-inner-text\">TALEFORESP\u00d8RSEL-SKJEMA<\/span><\/a><\/div>\n<\/div><\/div>\n\n<\/div><\/div>","protected":false},"excerpt":{"rendered":"<p>OM OSS KALT TIL \u00c5 TJENE Levende Vann har som form\u00e5l \u00e5 dele de gode nyhetene om frelse og frigj\u00f8ring i Jesus Kristus. Gjennom ressursene vi tilbyr p\u00e5 denne siden&#8230;<\/p>\n","protected":false},"author":1,"featured_media":1913,"parent":0,"menu_order":22,"comment_status":"closed","ping_status":"closed","template":"","meta":{"_kad_blocks_custom_css":"","_kad_blocks_head_custom_js":"","_kad_blocks_body_custom_js":"","_kad_blocks_footer_custom_js":"","_monsterinsights_skip_tracking":false,"_monsterinsights_sitenote_active":false,"_monsterinsights_sitenote_note":"","_monsterinsights_sitenote_category":0,"_kadence_starter_templates_imported_post":false,"_kad_post_transparent":"","_kad_post_title":"","_kad_post_layout":"","_kad_post_sidebar_id":"","_kad_post_content_style":"","_kad_post_vertical_padding":"","_kad_post_feature":"","_kad_post_feature_position":"","_kad_post_header":false,"_kad_post_footer":false,"_kad_post_classname":"","footnotes":""},"class_list":["post-1024","page","type-page","status-publish","has-post-thumbnail","hentry"],"aioseo_notices":[],"taxonomy_info":[],"featured_image_src_large":["https:\/\/livingwater.no\/wp-content\/uploads\/2018\/09\/header_hvemervi.jpg",960,250,false],"author_info":{"display_name":"Living Water","author_link":"https:\/\/livingwater.no\/no\/author\/living-water\/"},"comment_info":0,"_links":{"self":[{"href":"https:\/\/livingwater.no\/no\/wp-json\/wp\/v2\/pages\/1024","targetHints":{"allow":["GET"]}}],"collection":[{"href":"https:\/\/livingwater.no\/no\/wp-json\/wp\/v2\/pages"}],"about":[{"href":"https:\/\/livingwater.no\/no\/wp-json\/wp\/v2\/types\/page"}],"author":[{"embeddable":true,"href":"https:\/\/livingwater.no\/no\/wp-json\/wp\/v2\/users\/1"}],"replies":[{"embeddable":true,"href":"https:\/\/livingwater.no\/no\/wp-json\/wp\/v2\/comments?post=1024"}],"version-history":[{"count":12,"href":"https:\/\/livingwater.no\/no\/wp-json\/wp\/v2\/pages\/1024\/revisions"}],"predecessor-version":[{"id":7593,"href":"https:\/\/livingwater.no\/no\/wp-json\/wp\/v2\/pages\/1024\/revisions\/7593"}],"wp:featuredmedia":[{"embeddable":true,"href":"https:\/\/livingwater.no\/no\/wp-json\/wp\/v2\/media\/1913"}],"wp:attachment":[{"href":"https:\/\/livingwater.no\/no\/wp-json\/wp\/v2\/media?parent=1024"}],"curies":[{"name":"wp","href":"https:\/\/api.w.org\/{rel}","templated":true}]}}